{"id":895,"date":"2025-05-26T19:02:42","date_gmt":"2025-05-26T19:02:42","guid":{"rendered":"https:\/\/www.yeudith.com\/ia\/?page_id=895"},"modified":"2025-05-26T19:08:07","modified_gmt":"2025-05-26T19:08:07","slug":"sobremi","status":"publish","type":"page","link":"https:\/\/www.yeudith.com\/ia\/sobremi\/","title":{"rendered":"SobreMi"},"content":{"rendered":"\t\t<div data-elementor-type=\"wp-page\" data-elementor-id=\"895\" class=\"elementor elementor-895\">\n\t\t\t\t<div class=\"elementor-element elementor-element-e6d1d25 e-flex e-con-boxed e-con e-parent\" data-id=\"e6d1d25\" data-element_type=\"container\" data-e-type=\"container\">\n\t\t\t\t\t<div class=\"e-con-inner\">\n\t\t\t\t<div class=\"elementor-element elementor-element-9e0d318 elementor-widget elementor-widget-html\" data-id=\"9e0d318\" data-element_type=\"widget\" data-e-type=\"widget\" data-widget_type=\"html.default\">\n\t\t\t\t<div class=\"elementor-widget-container\">\n\t\t\t\t\t<section id=\"sobre-mi\">\n  <h2>Sobre m\u00ed: Yeudith Vel\u00e1zquez Aguilar<\/h2>\n  <p>Soy la Dra. Yeudith Vel\u00e1zquez Aguilar: Estratega en Inteligencia Artificial, speaker internacional, mompreneur, exploradora incansable del conocimiento, empresaria serial, autora bestseller y mentora de miles de personas que buscan transformar su vida, sus negocios y su confianza.<\/p>\n  <p>Durante m\u00e1s de 30 a\u00f1os he recorrido el mundo empresarial, educativo y creativo. He desarrollado proyectos tecnol\u00f3gicos en universidades de renombre, he liderado empresas, he escrito libros que se han convertido en bestsellers desde el primer d\u00eda en pa\u00edses como Espa\u00f1a, Estados Unidos y M\u00e9xico, y he acompa\u00f1ado a emprendedores, l\u00edderes y profesionales en procesos de reinvenci\u00f3n profunda. Pero quiz\u00e1s lo m\u00e1s importante: nunca dej\u00e9 de evolucionar.<\/p>\n<\/section>\t\t\t\t<\/div>\n\t\t\t\t<\/div>\n\t\t\t\t<div class=\"elementor-element elementor-element-e4eb1d5 elementor-widget elementor-widget-html\" data-id=\"e4eb1d5\" data-element_type=\"widget\" data-e-type=\"widget\" data-widget_type=\"html.default\">\n\t\t\t\t<div class=\"elementor-widget-container\">\n\t\t\t\t\t<section id=\"historia-ia\">\n  <h3>Mi historia con la Inteligencia Artificial<\/h2>\n  <p>Cuando la inteligencia artificial generativa comenz\u00f3 a expandirse, me acerqu\u00e9 con cautela. La usaba, s\u00ed, pero en silencio. Me preguntaba si estar usando IA me alejaba de mi esencia, de mi creatividad, de todo lo humano que valoro. Dud\u00e9.<\/p>\n  <p>Hasta que me permit\u00ed explorarla sin juicio\u2026 y lo que encontr\u00e9 me cambi\u00f3 para siempre.<\/p>\n  <p>No me hizo menos. Me amplific\u00f3. No apag\u00f3 mi voz. La potenci\u00f3.<\/p>\n  <p>Hoy no solo la uso: la ense\u00f1o, la defiendo, y la convierto en puente para que m\u00e1s personas, empresas y proyectos se eleven. Desde IA Campus (iacampus.biz), una plataforma de capacitaci\u00f3n y consultor\u00eda en inteligencia artificial para empresas y profesionales \u2014surgida por la creciente demanda en la Escuela Internacional de Negocios eIDEA.mx\u2014 hasta el desarrollo de soluciones con agentes inteligentes (Agentic), acompa\u00f1o a quienes est\u00e1n listos para dar un salto.<\/p>\n  <p>BizIA es una empresa especializada en AGENTIC y la creaci\u00f3n de escuadrones de agentes inteligentes para apoyar a los negocios a crecer aceleradamente con GPTs, automatizaciones, chatbots y optimizaciones exponenciales.<\/p>\n  <p>He visto c\u00f3mo, al usar la IA con prop\u00f3sito, personas comunes han recuperado su autoestima, desbloqueado ideas olvidadas y abierto puertas que parec\u00edan cerradas. Porque cuando sabes usarla bien, la IA no te reemplaza: te refleja, te recuerda y te empuja hacia tu mejor versi\u00f3n.<\/p>\n<\/section>\t\t\t\t<\/div>\n\t\t\t\t<\/div>\n\t\t\t\t<div class=\"elementor-element elementor-element-623c34b elementor-widget elementor-widget-html\" data-id=\"623c34b\" data-element_type=\"widget\" data-e-type=\"widget\" data-widget_type=\"html.default\">\n\t\t\t\t<div class=\"elementor-widget-container\">\n\t\t\t\t\t<section id=\"empresaria-serial\">\n  <h3>Empresaria Serial<\/h2>\n  <p>Soy fundadora de u.Inspire Marketing Digital, ideAcelera, Venta Inversa, la Escuela Internacional de Negocios eIDEA.mx y el movimiento Metainfluencia. Estoy por lanzar BizIA, y tambi\u00e9n impulso AutentIA, una propuesta que integra poder y confianza en la era de la IA.<\/p>\n  <p>Mi primer emprendimiento fue u.Inspire Marketing Digital, fundado en 2011. Desde entonces, nos hemos enfocado en lograr resultados medibles y sostenibles para nuestros clientes. Seg\u00fan auditor\u00edas de nuestros propios clientes, han registrado incrementos en sus ventas que van desde un 30% hasta un 220%, adem\u00e1s de un crecimiento acelerado que les ha permitido ampliar su mercado de forma regional, nacional e incluso internacional. Hoy, en u.Inspire, potenciamos el marketing digital con inteligencia artificial, creando automatizaciones que liberan tiempo, optimizan procesos y permiten que la IA trabaje para ti.<\/p>\n  <p>Actualmente estoy escribiendo un libro que pronto se convertir\u00e1 en un movimiento: Confianza y Poder en la era de la IA, donde profundizo mi investigaci\u00f3n sobre c\u00f3mo la Inteligencia Artificial potencia las posibilidades, la autoestima y la confianza de las personas.<\/p>\n<\/section>\t\t\t\t<\/div>\n\t\t\t\t<\/div>\n\t\t\t\t<div class=\"elementor-element elementor-element-900ee35 elementor-widget elementor-widget-html\" data-id=\"900ee35\" data-element_type=\"widget\" data-e-type=\"widget\" data-widget_type=\"html.default\">\n\t\t\t\t<div class=\"elementor-widget-container\">\n\t\t\t\t\t<section id=\"eidea\">\n  <h3>Sobre la Escuela Internacional de Negocios eIDEA.mx<\/h2>\n  <p>Desde su lanzamiento, eIDEA ha alcanzado a 16 pa\u00edses con presencia de mentores y especialistas internacionales.<\/p>\n  <blockquote>\"La Escuela Internacional de Negocios creada en Monterrey, expande su plataforma digital a Europa, Norteam\u00e9rica y Latinoam\u00e9rica.\" \u2014 El Financiero<\/blockquote>\n  <p>En su evento de expansi\u00f3n internacional, se declararon alianzas con l\u00edderes de: Espa\u00f1a, Portugal, Alemania, Colombia, los Pa\u00edses Bajos, Francia, Canad\u00e1, Estados Unidos, Chile, Per\u00fa, Honduras y M\u00e9xico. Este momento marc\u00f3 el inicio de una plataforma que se consolida como puente de colaboraci\u00f3n internacional y desarrollo empresarial. Seguimos expandi\u00e9ndonos constantemente.<\/p>\n<\/section>\t\t\t\t<\/div>\n\t\t\t\t<\/div>\n\t\t\t\t<div class=\"elementor-element elementor-element-4cd7e12 elementor-widget elementor-widget-html\" data-id=\"4cd7e12\" data-element_type=\"widget\" data-e-type=\"widget\" data-widget_type=\"html.default\">\n\t\t\t\t<div class=\"elementor-widget-container\">\n\t\t\t\t\t<section id=\"wikipedia\">\n  <h3>Wikipedia dice de m\u00ed<\/h2>\n  <p>Yeudith es una empresaria mexicana comprometida con la investigaci\u00f3n, el desarrollo y el empoderamiento econ\u00f3mico. Ha sido reconocida por el Tecnol\u00f3gico de Monterrey con el Premio Mujer Tec #She4she por su apoyo a las mujeres empresarias y por Kaena en la categor\u00eda Empresaria del A\u00f1o.<\/p>\n  <p>Tambi\u00e9n fue presidenta de la Asociaci\u00f3n de Empresarias y Ejecutivas EXATEC (2016-2019) y de la Incubadora de L\u00edderes AC, llev\u00e1ndola de local a internacional y ganando premios como el Premio Alma Mater. Lider\u00f3 foros, paneles, mentor\u00edas, networking, y alianzas desde su sede en EGADE.<\/p>\n  <p>Conferencista internacional con trayectoria presencial en pa\u00edses como Espa\u00f1a, Estados Unidos, Brasil y M\u00e9xico. Ha participado en eventos como el Women Economic Forum, Foro Internacional de L\u00edderes, Congreso Mundial de Mujeres L\u00edderes, INC Mty, Marat\u00f3n del Desarrollo del Capital Humano, entre muchos otros.<\/p>\n  <p>Ha colaborado con instituciones como: Tecnol\u00f3gico de Monterrey, Tec Milenio, Neoris, Secretar\u00eda de Econom\u00eda, UDEM, Carlos Rosario Public Charter School, IncQro, Universidad Regiomontana, EGADE e INC MTY.<\/p>\n  <p>Perfil completo: <a href=\"https:\/\/es.wikipedia.org\/wiki\/Yeudith_Vel%C3%A1zquez_Aguilar\" target=\"_blank\">Wikipedia<\/a><\/p>\n<\/section>\t\t\t\t<\/div>\n\t\t\t\t<\/div>\n\t\t\t\t<div class=\"elementor-element elementor-element-b5c7906 elementor-widget elementor-widget-html\" data-id=\"b5c7906\" data-element_type=\"widget\" data-e-type=\"widget\" data-widget_type=\"html.default\">\n\t\t\t\t<div class=\"elementor-widget-container\">\n\t\t\t\t\t<section id=\"formacion\">\n  <h3>Formaci\u00f3n<\/h2>\n  <p><strong>Doctorado Honoris Causa<\/strong> por su trayectoria profesional y social, poniendo en alto a las mujeres de Nuevo Le\u00f3n, minimizando la brecha de g\u00e9nero que existe en el \u00e1mbito profesional y empresarial, y elevando las estad\u00edsticas de mujeres con doctorado, como lo public\u00f3 El Financiero: <a href=\"https:\/\/www.elfinanciero.com.mx\/monterrey\/2023\/11\/21\/entregan-a-yeudith-velazquez-doctorado-honoris-causa\/\" target=\"_blank\">Ver nota<\/a><\/p>\n  <h3>Maestr\u00edas:<\/h3>\n  <ul>\n    <li>Maestr\u00eda en Estrategias de Marketing Digital y E-Commerce (Universitat de Barcelona)<\/li>\n    <li>Maestr\u00eda en Administraci\u00f3n de Tecnolog\u00edas de Informaci\u00f3n (ITESM, Menci\u00f3n Honor\u00edfica de Excelencia)<\/li>\n    <li>Master Prompt Engineering (Ingenier\u00eda en Prompting) en curso<\/li>\n  <\/ul>\n  <h3>Especialidades:<\/h3>\n  <ul>\n    <li>Inteligencia Artificial (IAGEN)<\/li>\n    <li>Comercio Electr\u00f3nico (ITESM)<\/li>\n    <li>E-Tourism & Social Media (AEP Social Media, Espa\u00f1a)<\/li>\n  <\/ul>\n  <h3>Licenciatura:<\/h3>\n  <p>Ciencias de la Comunicaci\u00f3n (ITESM)<\/p>\n  <p>Formaci\u00f3n adicional destacada en SAP, Liderazgo Ontol\u00f3gico, Mindset, Cultura Igualitaria, Metodolog\u00edas de mentor\u00eda, cursos y formaci\u00f3n en l\u00ednea adem\u00e1s de entrenamiento empresarial.<\/p>\n<\/section>\t\t\t\t<\/div>\n\t\t\t\t<\/div>\n\t\t\t\t<div class=\"elementor-element elementor-element-4982b22 elementor-widget elementor-widget-html\" data-id=\"4982b22\" data-element_type=\"widget\" data-e-type=\"widget\" data-widget_type=\"html.default\">\n\t\t\t\t<div class=\"elementor-widget-container\">\n\t\t\t\t\t<section id=\"extra\">\n  <h3>Y adem\u00e1s\u2026<\/h2>\n  <p>He sido empleada, consultora, mentora, conferencista, escritora, directora y aprendiz.<\/p>\n  <p>Soy mompreneur, orgullosamente mam\u00e1 y empresaria a la vez, y disfrutando muchos de mis roles.<\/p>\n  <p>Tengo +30 a\u00f1os de experiencia profesional: 18 como empleada en empresas trasnacionales y 12 como empresaria.<\/p>\n  <p>Disfruto tanto ense\u00f1ar como aprender. Y s\u00ed, mi curiosidad es inagotable.<\/p>\n  <p><strong>Hoy, mi misi\u00f3n es clara:<\/strong> Potenciar personas y empresas con IA para reactivar su poder, conectar posibilidades y escalar resultados. Y todo eso, sin perder su esencia y fortaleciendo su autenticidad.<\/p>\n<\/section>\t\t\t\t<\/div>\n\t\t\t\t<\/div>\n\t\t\t\t\t<\/div>\n\t\t\t\t<\/div>\n\t\t\t\t<\/div>\n\t\t","protected":false},"excerpt":{"rendered":"<p>Sobre m\u00ed: Yeudith Vel\u00e1zquez Aguilar Soy la Dra. Yeudith Vel\u00e1zquez Aguilar: Estratega en Inteligencia Artificial, speaker internacional, mompreneur, exploradora incansable del conocimiento, empresaria serial, autora bestseller y mentora de miles de personas que buscan transformar su vida, sus negocios y su confianza. Durante m\u00e1s de 30 a\u00f1os he recorrido el mundo empresarial, educativo y creativo. [&hellip;]<\/p>\n","protected":false},"author":1,"featured_media":0,"parent":0,"menu_order":0,"comment_status":"closed","ping_status":"closed","template":"","meta":{"_surecart_dashboard_logo_width":"180px","_surecart_dashboard_show_logo":true,"_surecart_dashboard_navigation_orders":true,"_surecart_dashboard_navigation_invoices":true,"_surecart_dashboard_navigation_subscriptions":true,"_surecart_dashboard_navigation_downloads":true,"_surecart_dashboard_navigation_billing":true,"_surecart_dashboard_navigation_account":true,"site-sidebar-layout":"no-sidebar","site-content-layout":"page-builder","ast-site-content-layout":"full-width-container","site-content-style":"default","site-sidebar-style":"default","ast-global-header-display":"","ast-banner-title-visibility":"","ast-main-header-display":"","ast-hfb-above-header-display":"","ast-hfb-below-header-display":"","ast-hfb-mobile-header-display":"","site-post-title":"disabled","ast-breadcrumbs-content":"","ast-featured-img":"disabled","footer-sml-layout":"","ast-disable-related-posts":"","theme-transparent-header-meta":"","adv-header-id-meta":"","stick-header-meta":"","header-above-stick-meta":"","header-main-stick-meta":"","header-below-stick-meta":"","astra-migrate-meta-layouts":"set","ast-page-background-enabled":"default","ast-page-background-meta":{"desktop":{"background-color":"","background-image":"","background-repeat":"repeat","background-position":"center center","background-size":"auto","background-attachment":"scroll","background-type":"","background-media":"","overlay-type":"","overlay-color":"","overlay-opacity":"","overlay-gradient":""},"tablet":{"background-color":"","background-image":"","background-repeat":"repeat","background-position":"center center","background-size":"auto","background-attachment":"scroll","background-type":"","background-media":"","overlay-type":"","overlay-color":"","overlay-opacity":"","overlay-gradient":""},"mobile":{"background-color":"","background-image":"","background-repeat":"repeat","background-position":"center center","background-size":"auto","background-attachment":"scroll","background-type":"","background-media":"","overlay-type":"","overlay-color":"","overlay-opacity":"","overlay-gradient":""}},"ast-content-background-meta":{"desktop":{"background-color":"var(--ast-global-color-5)","background-image":"","background-repeat":"repeat","background-position":"center center","background-size":"auto","background-attachment":"scroll","background-type":"","background-media":"","overlay-type":"","overlay-color":"","overlay-opacity":"","overlay-gradient":""},"tablet":{"background-color":"var(--ast-global-color-5)","background-image":"","background-repeat":"repeat","background-position":"center center","background-size":"auto","background-attachment":"scroll","background-type":"","background-media":"","overlay-type":"","overlay-color":"","overlay-opacity":"","overlay-gradient":""},"mobile":{"background-color":"var(--ast-global-color-5)","background-image":"","background-repeat":"repeat","background-position":"center center","background-size":"auto","background-attachment":"scroll","background-type":"","background-media":"","overlay-type":"","overlay-color":"","overlay-opacity":"","overlay-gradient":""}},"footnotes":""},"class_list":["post-895","page","type-page","status-publish","hentry"],"_links":{"self":[{"href":"https:\/\/www.yeudith.com\/ia\/wp-json\/wp\/v2\/pages\/895","targetHints":{"allow":["GET"]}}],"collection":[{"href":"https:\/\/www.yeudith.com\/ia\/wp-json\/wp\/v2\/pages"}],"about":[{"href":"https:\/\/www.yeudith.com\/ia\/wp-json\/wp\/v2\/types\/page"}],"author":[{"embeddable":true,"href":"https:\/\/www.yeudith.com\/ia\/wp-json\/wp\/v2\/users\/1"}],"replies":[{"embeddable":true,"href":"https:\/\/www.yeudith.com\/ia\/wp-json\/wp\/v2\/comments?post=895"}],"version-history":[{"count":5,"href":"https:\/\/www.yeudith.com\/ia\/wp-json\/wp\/v2\/pages\/895\/revisions"}],"predecessor-version":[{"id":901,"href":"https:\/\/www.yeudith.com\/ia\/wp-json\/wp\/v2\/pages\/895\/revisions\/901"}],"wp:attachment":[{"href":"https:\/\/www.yeudith.com\/ia\/wp-json\/wp\/v2\/media?parent=895"}],"curies":[{"name":"wp","href":"https:\/\/api.w.org\/{rel}","templated":true}]}}