{"id":1183,"date":"2025-12-12T01:10:07","date_gmt":"2025-12-12T01:10:07","guid":{"rendered":"https:\/\/www.yeudith.com\/ia\/?page_id=1183"},"modified":"2025-12-12T01:18:22","modified_gmt":"2025-12-12T01:18:22","slug":"amigurumis-by-yu","status":"publish","type":"page","link":"https:\/\/www.yeudith.com\/ia\/amigurumis-by-yu\/","title":{"rendered":"Amigurumis by Yu"},"content":{"rendered":"\t\t<div data-elementor-type=\"wp-page\" data-elementor-id=\"1183\" class=\"elementor elementor-1183\">\n\t\t\t\t<div class=\"elementor-element elementor-element-2a8cd02 e-flex e-con-boxed e-con e-parent\" data-id=\"2a8cd02\" data-element_type=\"container\" data-e-type=\"container\" data-settings=\"{&quot;background_background&quot;:&quot;classic&quot;}\">\n\t\t\t\t\t<div class=\"e-con-inner\">\n\t\t\t\t<div class=\"elementor-element elementor-element-538adfd elementor-widget elementor-widget-heading\" data-id=\"538adfd\" data-element_type=\"widget\" data-e-type=\"widget\" data-widget_type=\"heading.default\">\n\t\t\t\t<div class=\"elementor-widget-container\">\n\t\t\t\t\t<h2 class=\"elementor-heading-title elementor-size-default\">Amigurumis By YU<\/h2>\t\t\t\t<\/div>\n\t\t\t\t<\/div>\n\t\t\t\t<div class=\"elementor-element elementor-element-59ee6e8 elementor-widget elementor-widget-spacer\" data-id=\"59ee6e8\" data-element_type=\"widget\" data-e-type=\"widget\" data-widget_type=\"spacer.default\">\n\t\t\t\t<div class=\"elementor-widget-container\">\n\t\t\t\t\t\t\t<div class=\"elementor-spacer\">\n\t\t\t<div class=\"elementor-spacer-inner\"><\/div>\n\t\t<\/div>\n\t\t\t\t\t\t<\/div>\n\t\t\t\t<\/div>\n\t\t\t\t<div class=\"elementor-element elementor-element-7839241 elementor-widget elementor-widget-spacer\" data-id=\"7839241\" data-element_type=\"widget\" data-e-type=\"widget\" data-widget_type=\"spacer.default\">\n\t\t\t\t<div class=\"elementor-widget-container\">\n\t\t\t\t\t\t\t<div class=\"elementor-spacer\">\n\t\t\t<div class=\"elementor-spacer-inner\"><\/div>\n\t\t<\/div>\n\t\t\t\t\t\t<\/div>\n\t\t\t\t<\/div>\n\t\t\t\t<div class=\"elementor-element elementor-element-26ef695 elementor-widget elementor-widget-spacer\" data-id=\"26ef695\" data-element_type=\"widget\" data-e-type=\"widget\" data-widget_type=\"spacer.default\">\n\t\t\t\t<div class=\"elementor-widget-container\">\n\t\t\t\t\t\t\t<div class=\"elementor-spacer\">\n\t\t\t<div class=\"elementor-spacer-inner\"><\/div>\n\t\t<\/div>\n\t\t\t\t\t\t<\/div>\n\t\t\t\t<\/div>\n\t\t\t\t<div class=\"elementor-element elementor-element-fd1f051 elementor-widget elementor-widget-spacer\" data-id=\"fd1f051\" data-element_type=\"widget\" data-e-type=\"widget\" data-widget_type=\"spacer.default\">\n\t\t\t\t<div class=\"elementor-widget-container\">\n\t\t\t\t\t\t\t<div class=\"elementor-spacer\">\n\t\t\t<div class=\"elementor-spacer-inner\"><\/div>\n\t\t<\/div>\n\t\t\t\t\t\t<\/div>\n\t\t\t\t<\/div>\n\t\t\t\t<div class=\"elementor-element elementor-element-ac74373 elementor-widget elementor-widget-heading\" data-id=\"ac74373\" data-element_type=\"widget\" data-e-type=\"widget\" data-widget_type=\"heading.default\">\n\t\t\t\t<div class=\"elementor-widget-container\">\n\t\t\t\t\t<h3 class=\"elementor-heading-title elementor-size-default\">Edici\u00f3n especial K-Pop Esferas de Navidad<\/h3>\t\t\t\t<\/div>\n\t\t\t\t<\/div>\n\t\t\t\t<div class=\"elementor-element elementor-element-cea0492 elementor-align-center elementor-widget elementor-widget-button\" data-id=\"cea0492\" data-element_type=\"widget\" data-e-type=\"widget\" data-widget_type=\"button.default\">\n\t\t\t\t<div class=\"elementor-widget-container\">\n\t\t\t\t\t\t\t\t\t<div class=\"elementor-button-wrapper\">\n\t\t\t\t\t<a class=\"elementor-button elementor-button-link elementor-size-sm\" href=\"https:\/\/api.whatsapp.com\/send?phone=+528115443770&#038;text=Quiero%20amigurumis%20de%20kpop\">\n\t\t\t\t\t\t<span class=\"elementor-button-content-wrapper\">\n\t\t\t\t\t\t\t\t\t<span class=\"elementor-button-text\">Pedir por WhatsApp<\/span>\n\t\t\t\t\t<\/span>\n\t\t\t\t\t<\/a>\n\t\t\t\t<\/div>\n\t\t\t\t\t\t\t\t<\/div>\n\t\t\t\t<\/div>\n\t\t\t\t<div class=\"elementor-element elementor-element-ee905b6 elementor-widget elementor-widget-heading\" data-id=\"ee905b6\" data-element_type=\"widget\" data-e-type=\"widget\" data-widget_type=\"heading.default\">\n\t\t\t\t<div class=\"elementor-widget-container\">\n\t\t\t\t\t<h5 class=\"elementor-heading-title elementor-size-default\">Rumi, Mira y Zoey \u2013 Huntrix de K-Pop Demon Hunters <p>\nHechas a mano, pensadas para emocionar <\/h5>\t\t\t\t<\/div>\n\t\t\t\t<\/div>\n\t\t\t\t<div class=\"elementor-element elementor-element-df19b48 elementor-widget elementor-widget-spacer\" data-id=\"df19b48\" data-element_type=\"widget\" data-e-type=\"widget\" data-widget_type=\"spacer.default\">\n\t\t\t\t<div class=\"elementor-widget-container\">\n\t\t\t\t\t\t\t<div class=\"elementor-spacer\">\n\t\t\t<div class=\"elementor-spacer-inner\"><\/div>\n\t\t<\/div>\n\t\t\t\t\t\t<\/div>\n\t\t\t\t<\/div>\n\t\t\t\t\t<\/div>\n\t\t\t\t<\/div>\n\t\t<div class=\"elementor-element elementor-element-d93771e e-flex e-con-boxed e-con e-parent\" data-id=\"d93771e\" data-element_type=\"container\" data-e-type=\"container\">\n\t\t\t\t\t<div class=\"e-con-inner\">\n\t\t<div class=\"elementor-element elementor-element-95b5fc5 e-con-full e-flex e-con e-child\" data-id=\"95b5fc5\" data-element_type=\"container\" data-e-type=\"container\">\n\t\t\t\t<div class=\"elementor-element elementor-element-c0b962d elementor-widget elementor-widget-text-editor\" data-id=\"c0b962d\" data-element_type=\"widget\" data-e-type=\"widget\" data-widget_type=\"text-editor.default\">\n\t\t\t\t<div class=\"elementor-widget-container\">\n\t\t\t\t\t\t\t\t\t<h3><b><img decoding=\"async\" class=\"emoji\" role=\"img\" draggable=\"false\" src=\"https:\/\/s.w.org\/images\/core\/emoji\/17.0.2\/svg\/2601.svg\" alt=\"\u2601\ufe0f\" \/> Puffy \/ Suavecitas\u00a0<\/b><\/h3><p class=\"p3\"><b>Descripci\u00f3n breve<\/b><b><\/b><\/p><p class=\"p4\">Suaves, apapachables y perfectas para ni\u00f1os.<\/p><p class=\"p4\">Textura tipo peluche, ligeras y encantadoras.<\/p><ul><li><p class=\"p1\">Ideales para el \u00e1rbol<\/p><\/li><li><p class=\"p1\">Despu\u00e9s funcionan como llaveros o mini mu\u00f1ecos<\/p><\/li><li><p class=\"p1\">Producci\u00f3n m\u00e1s r\u00e1pida<\/p><\/li><\/ul><p class=\"p3\"><b>Precios<\/b><b><\/b><\/p><p class=\"p4\"><img decoding=\"async\" class=\"emoji\" role=\"img\" draggable=\"false\" src=\"https:\/\/s.w.org\/images\/core\/emoji\/17.0.2\/svg\/1f449.svg\" alt=\"\ud83d\udc49\" \/> Puffy individual: <span class=\"s2\"><b>$350 MXN<\/b><b><\/b><\/span><\/p><p class=\"p4\"><img decoding=\"async\" class=\"emoji\" role=\"img\" draggable=\"false\" src=\"https:\/\/s.w.org\/images\/core\/emoji\/17.0.2\/svg\/1f449.svg\" alt=\"\ud83d\udc49\" \/> Paquete 3 Puffy: <span class=\"s2\"><b>$900 MXN<\/b><\/span><\/p>\t\t\t\t\t\t\t\t<\/div>\n\t\t\t\t<\/div>\n\t\t\t\t<\/div>\n\t\t<div class=\"elementor-element elementor-element-7254f87 e-con-full e-flex e-con e-child\" data-id=\"7254f87\" data-element_type=\"container\" data-e-type=\"container\">\n\t\t\t\t<div class=\"elementor-element elementor-element-7344d68 elementor-widget elementor-widget-text-editor\" data-id=\"7344d68\" data-element_type=\"widget\" data-e-type=\"widget\" data-widget_type=\"text-editor.default\">\n\t\t\t\t<div class=\"elementor-widget-container\">\n\t\t\t\t\t\t\t\t\t<h3><b>\ud83e\uddf6 Classic \/ Coleccionables<\/b><\/h3><p class=\"p3\"><b>Descripci\u00f3n breve<\/b><b><\/b><\/p><p class=\"p4\">Tejidas con m\u00e1s detalle y estructura.<\/p><p class=\"p4\">Pensadas para fans y coleccionistas.<\/p><ul><li><p class=\"p1\">M\u00e1s firmes<\/p><\/li><li><p class=\"p1\">Mayor tiempo de elaboraci\u00f3n<\/p><\/li><li><p class=\"p1\">Acabado tradicional amigurumi<\/p><\/li><\/ul><p class=\"p3\"><b>Precios<\/b><b><\/b><\/p><p class=\"p4\">\ud83d\udc49 Classic individual: <span class=\"s2\"><b>$550 MXN<\/b><b><\/b><\/span><\/p><p class=\"p4\">\ud83d\udc49 Paquete 3 Classic: <span class=\"s2\"><b>$1,450 MXN<\/b><b><\/b><\/span><\/p>\t\t\t\t\t\t\t\t<\/div>\n\t\t\t\t<\/div>\n\t\t\t\t<\/div>\n\t\t\t\t\t<\/div>\n\t\t\t\t<\/div>\n\t\t<div class=\"elementor-element elementor-element-0447e14 e-flex e-con-boxed e-con e-parent\" data-id=\"0447e14\" data-element_type=\"container\" data-e-type=\"container\" data-settings=\"{&quot;background_background&quot;:&quot;classic&quot;}\">\n\t\t\t\t\t<div class=\"e-con-inner\">\n\t\t<div class=\"elementor-element elementor-element-de2e66f e-con-full e-flex e-con e-child\" data-id=\"de2e66f\" data-element_type=\"container\" data-e-type=\"container\">\n\t\t\t\t<div class=\"elementor-element elementor-element-542d34f elementor-widget elementor-widget-text-editor\" data-id=\"542d34f\" data-element_type=\"widget\" data-e-type=\"widget\" data-widget_type=\"text-editor.default\">\n\t\t\t\t<div class=\"elementor-widget-container\">\n\t\t\t\t\t\t\t\t\t<p class=\"p1\">Estas no son solo esferas para el \u00e1rbol.<\/p><p class=\"p1\">Son recuerdos, abrazos suaves, personajes favoritos<\/p><p class=\"p2\"><span class=\"s1\">y un proyecto creado <\/span><b>entre una mam\u00e1 y su hija<\/b><span class=\"s1\">.<\/span><\/p><p class=\"p1\">\ud83d\udc49 Hechas una por una, con amor, creatividad<\/p><p class=\"p1\">y s\u00ed\u2026 con un poco de ayuda de la Inteligencia Artificial.<\/p>\t\t\t\t\t\t\t\t<\/div>\n\t\t\t\t<\/div>\n\t\t\t\t<\/div>\n\t\t<div class=\"elementor-element elementor-element-cf2e7a2 e-con-full e-flex e-con e-child\" data-id=\"cf2e7a2\" data-element_type=\"container\" data-e-type=\"container\">\n\t\t\t\t<div class=\"elementor-element elementor-element-be3e3ae elementor-widget-divider--view-line elementor-widget elementor-widget-divider\" data-id=\"be3e3ae\" data-element_type=\"widget\" data-e-type=\"widget\" data-widget_type=\"divider.default\">\n\t\t\t\t<div class=\"elementor-widget-container\">\n\t\t\t\t\t\t\t<div class=\"elementor-divider\">\n\t\t\t<span class=\"elementor-divider-separator\">\n\t\t\t\t\t\t<\/span>\n\t\t<\/div>\n\t\t\t\t\t\t<\/div>\n\t\t\t\t<\/div>\n\t\t\t\t<div class=\"elementor-element elementor-element-6d91da2 elementor-align-center elementor-widget elementor-widget-button\" data-id=\"6d91da2\" data-element_type=\"widget\" data-e-type=\"widget\" data-widget_type=\"button.default\">\n\t\t\t\t<div class=\"elementor-widget-container\">\n\t\t\t\t\t\t\t\t\t<div class=\"elementor-button-wrapper\">\n\t\t\t\t\t<a class=\"elementor-button elementor-button-link elementor-size-sm\" href=\"https:\/\/api.whatsapp.com\/send?phone=+528115443770&#038;text=Quiero%20amigurumis%20de%20kpop\">\n\t\t\t\t\t\t<span class=\"elementor-button-content-wrapper\">\n\t\t\t\t\t\t\t\t\t<span class=\"elementor-button-text\">Pedir por WhatsApp<\/span>\n\t\t\t\t\t<\/span>\n\t\t\t\t\t<\/a>\n\t\t\t\t<\/div>\n\t\t\t\t\t\t\t\t<\/div>\n\t\t\t\t<\/div>\n\t\t\t\t<div class=\"elementor-element elementor-element-69bf0bc elementor-widget-divider--view-line elementor-widget elementor-widget-divider\" data-id=\"69bf0bc\" data-element_type=\"widget\" data-e-type=\"widget\" data-widget_type=\"divider.default\">\n\t\t\t\t<div class=\"elementor-widget-container\">\n\t\t\t\t\t\t\t<div class=\"elementor-divider\">\n\t\t\t<span class=\"elementor-divider-separator\">\n\t\t\t\t\t\t<\/span>\n\t\t<\/div>\n\t\t\t\t\t\t<\/div>\n\t\t\t\t<\/div>\n\t\t\t\t<div class=\"elementor-element elementor-element-17087c4 elementor-widget elementor-widget-text-editor\" data-id=\"17087c4\" data-element_type=\"widget\" data-e-type=\"widget\" data-widget_type=\"text-editor.default\">\n\t\t\t\t<div class=\"elementor-widget-container\">\n\t\t\t\t\t\t\t\t\t<p><span style=\"color: #008000;\"><a style=\"color: #008000;\" href=\"https:\/\/api.whatsapp.com\/send?phone=+528115443770&amp;text=Quiero%20amigurumis%20de%20kpop\" target=\"_blank\" rel=\"noopener\">\ud83d\udcf2 WhatsApp: +52 811 544 3770<\/a> con Yeudith<\/span><\/p>\t\t\t\t\t\t\t\t<\/div>\n\t\t\t\t<\/div>\n\t\t\t\t<\/div>\n\t\t\t\t\t<\/div>\n\t\t\t\t<\/div>\n\t\t<div class=\"elementor-element elementor-element-ee51c18 e-flex e-con-boxed e-con e-parent\" data-id=\"ee51c18\" data-element_type=\"container\" data-e-type=\"container\">\n\t\t\t\t\t<div class=\"e-con-inner\">\n\t\t<div class=\"elementor-element elementor-element-bb71da2 e-con-full e-flex e-con e-child\" data-id=\"bb71da2\" data-element_type=\"container\" data-e-type=\"container\">\n\t\t\t\t<div class=\"elementor-element elementor-element-f79b4ec elementor-widget elementor-widget-text-editor\" data-id=\"f79b4ec\" data-element_type=\"widget\" data-e-type=\"widget\" data-widget_type=\"text-editor.default\">\n\t\t\t\t<div class=\"elementor-widget-container\">\n\t\t\t\t\t\t\t\t\t<h2><b>\u00bfC\u00d3MO SE USAN?<\/b><\/h2><p class=\"p3\">\u2714\ufe0f Esferas para el \u00e1rbol de Navidad<\/p><p class=\"p3\">\u2714\ufe0f Llaveros para mochilas<\/p><p class=\"p3\">\u2714\ufe0f Mini mu\u00f1ecos de acompa\u00f1amiento<\/p><p class=\"p3\">\u2714\ufe0f Pueden convertirse m\u00e1s adelante en la <span class=\"s2\"><b>cabeza de un amigurumi completo<\/b><b><\/b><\/span><\/p><p class=\"p3\">\u2728 Bien cuidadas, duran a\u00f1os.<\/p>\t\t\t\t\t\t\t\t<\/div>\n\t\t\t\t<\/div>\n\t\t\t\t<\/div>\n\t\t\t\t\t<\/div>\n\t\t\t\t<\/div>\n\t\t<div class=\"elementor-element elementor-element-66f15bc e-flex e-con-boxed e-con e-parent\" data-id=\"66f15bc\" data-element_type=\"container\" data-e-type=\"container\" data-settings=\"{&quot;background_background&quot;:&quot;classic&quot;}\">\n\t\t\t\t\t<div class=\"e-con-inner\">\n\t\t<div class=\"elementor-element elementor-element-2967de7 e-con-full e-flex e-con e-child\" data-id=\"2967de7\" data-element_type=\"container\" data-e-type=\"container\">\n\t\t\t\t<div class=\"elementor-element elementor-element-16a8d92 elementor-widget elementor-widget-text-editor\" data-id=\"16a8d92\" data-element_type=\"widget\" data-e-type=\"widget\" data-widget_type=\"text-editor.default\">\n\t\t\t\t<div class=\"elementor-widget-container\">\n\t\t\t\t\t\t\t\t\t<h3><b>Una historia peque\u00f1a\u2026 con mucho significado<\/b><\/h3><p class=\"p3\">Soy <span class=\"s2\"><b>Yeudith<\/b><\/span>, estratega en Inteligencia Artificial.<\/p><p class=\"p3\">Trabajo con empresas, tecnolog\u00eda y negocios.<\/p><p class=\"p3\">Pero este proyecto naci\u00f3 en casa.<\/p><p class=\"p3\">Mi hija ama el crochet, los personajes y crear.<\/p><p class=\"p3\">Yo amo dise\u00f1ar, estructurar y convertir ideas en realidad.<\/p><p class=\"p3\">\ud83d\udca1 Cuando vimos que estos personajes no exist\u00edan en amigurumi,<\/p><p class=\"p3\">decidimos crearlos juntas.<\/p><p class=\"p3\">S\u00ed, us\u00e9 IA para apoyarme en el dise\u00f1o y planeaci\u00f3n.<\/p><p class=\"p4\"><span class=\"s3\">Pero <\/span><b>cada pieza est\u00e1 tejida a mano<\/b><span class=\"s3\">,<\/span><\/p><p class=\"p3\">y muchos detalles los hace <span class=\"s2\"><b>mi hija de 6 a\u00f1os<\/b><\/span>.<\/p><p class=\"p3\">Esto es creatividad, maternidad y tecnolog\u00eda unidas \ud83d\udc9c<\/p>\t\t\t\t\t\t\t\t<\/div>\n\t\t\t\t<\/div>\n\t\t\t\t<\/div>\n\t\t<div class=\"elementor-element elementor-element-e08ec15 e-con-full e-flex e-con e-child\" data-id=\"e08ec15\" data-element_type=\"container\" data-e-type=\"container\">\n\t\t\t\t<\/div>\n\t\t\t\t\t<\/div>\n\t\t\t\t<\/div>\n\t\t<div class=\"elementor-element elementor-element-92ff164 e-flex e-con-boxed e-con e-parent\" data-id=\"92ff164\" data-element_type=\"container\" data-e-type=\"container\">\n\t\t\t\t\t<div class=\"e-con-inner\">\n\t\t\t\t<div class=\"elementor-element elementor-element-4011f64 elementor-widget elementor-widget-text-editor\" data-id=\"4011f64\" data-element_type=\"widget\" data-e-type=\"widget\" data-widget_type=\"text-editor.default\">\n\t\t\t\t<div class=\"elementor-widget-container\">\n\t\t\t\t\t\t\t\t\t<h2><b>Compra directa por WhatsApp<\/b><\/h2><p class=\"p3\"><img decoding=\"async\" class=\"emoji\" role=\"img\" draggable=\"false\" src=\"https:\/\/s.w.org\/images\/core\/emoji\/17.0.2\/svg\/1f4f2.svg\" alt=\"\ud83d\udcf2\" \/> Escr\u00edbeme aqu\u00ed:<\/p><p class=\"p4\"><span class=\"s2\"><img decoding=\"async\" class=\"emoji\" role=\"img\" draggable=\"false\" src=\"https:\/\/s.w.org\/images\/core\/emoji\/17.0.2\/svg\/1f449.svg\" alt=\"\ud83d\udc49\" \/> <\/span><a href=\"https:\/\/api.whatsapp.com\/send?phone=+528115443770&amp;text=Quiero%20amigurumis%20de%20kpop\"><b>WhatsApp: +52 811 544 3770<\/b><\/a><b><\/b><\/p><p class=\"p3\">Solo dime:<\/p><ul><li><p class=\"p1\">Puffy o Classic<\/p><\/li><li><p class=\"p1\">Individual o Paquete<\/p><\/li><li><p class=\"p1\">Personajes deseados (Rumi, Mira, Zoey)<\/p><\/li><\/ul>\t\t\t\t\t\t\t\t<\/div>\n\t\t\t\t<\/div>\n\t\t\t\t<div class=\"elementor-element elementor-element-3c046c3 elementor-align-center elementor-widget elementor-widget-button\" data-id=\"3c046c3\" data-element_type=\"widget\" data-e-type=\"widget\" data-widget_type=\"button.default\">\n\t\t\t\t<div class=\"elementor-widget-container\">\n\t\t\t\t\t\t\t\t\t<div class=\"elementor-button-wrapper\">\n\t\t\t\t\t<a class=\"elementor-button elementor-button-link elementor-size-sm\" href=\"https:\/\/api.whatsapp.com\/send?phone=+528115443770&#038;text=Quiero%20amigurumis%20de%20kpop\">\n\t\t\t\t\t\t<span class=\"elementor-button-content-wrapper\">\n\t\t\t\t\t\t\t\t\t<span class=\"elementor-button-text\">Pedir por WhatsApp<\/span>\n\t\t\t\t\t<\/span>\n\t\t\t\t\t<\/a>\n\t\t\t\t<\/div>\n\t\t\t\t\t\t\t\t<\/div>\n\t\t\t\t<\/div>\n\t\t\t\t\t<\/div>\n\t\t\t\t<\/div>\n\t\t<div class=\"elementor-element elementor-element-5a7a580 e-flex e-con-boxed e-con e-parent\" data-id=\"5a7a580\" data-element_type=\"container\" data-e-type=\"container\" data-settings=\"{&quot;background_background&quot;:&quot;classic&quot;}\">\n\t\t\t\t\t<div class=\"e-con-inner\">\n\t\t\t\t<div class=\"elementor-element elementor-element-3ad1aff elementor-widget elementor-widget-text-editor\" data-id=\"3ad1aff\" data-element_type=\"widget\" data-e-type=\"widget\" data-widget_type=\"text-editor.default\">\n\t\t\t\t<div class=\"elementor-widget-container\">\n\t\t\t\t\t\t\t\t\t<h2><b> ENTREGAS<\/b><\/h2><p class=\"p3\">\ud83d\udce6 Entregas antes de vacaciones (producci\u00f3n limitada)<\/p><p class=\"p3\">\u23f1 Puffy: entrega m\u00e1s r\u00e1pida<\/p><p class=\"p3\">\ud83e\uddf6 Classic: requiere m\u00e1s tiempo<\/p><p class=\"p3\">\ud83c\udf84 Pedidos navide\u00f1os con prioridad<\/p>\t\t\t\t\t\t\t\t<\/div>\n\t\t\t\t<\/div>\n\t\t\t\t\t<\/div>\n\t\t\t\t<\/div>\n\t\t<div class=\"elementor-element elementor-element-99df6a2 e-flex e-con-boxed e-con e-parent\" data-id=\"99df6a2\" data-element_type=\"container\" data-e-type=\"container\" data-settings=\"{&quot;background_background&quot;:&quot;classic&quot;}\">\n\t\t\t\t\t<div class=\"e-con-inner\">\n\t\t\t\t<div class=\"elementor-element elementor-element-9756d3a elementor-widget elementor-widget-text-editor\" data-id=\"9756d3a\" data-element_type=\"widget\" data-e-type=\"widget\" data-widget_type=\"text-editor.default\">\n\t\t\t\t<div class=\"elementor-widget-container\">\n\t\t\t\t\t\t\t\t\t<p class=\"p1\"><span style=\"color: #ffffff;\">\ud83c\udf81 No es solo un regalo.<\/span><\/p><p class=\"p1\"><span style=\"color: #ffffff;\">Es una historia, un proyecto madre-hija<\/span><\/p><p class=\"p1\"><span style=\"color: #ffffff;\">y un pedacito de magia hecho a mano.<\/span><\/p><p class=\"p3\"><span style=\"color: #ffffff;\"><b>Gracias por apoyar emprendimientos con alma \ud83d\udc9c<\/b><\/span><\/p>\t\t\t\t\t\t\t\t<\/div>\n\t\t\t\t<\/div>\n\t\t\t\t<div class=\"elementor-element elementor-element-fedb3a7 elementor-align-center elementor-widget elementor-widget-button\" data-id=\"fedb3a7\" data-element_type=\"widget\" data-e-type=\"widget\" data-widget_type=\"button.default\">\n\t\t\t\t<div class=\"elementor-widget-container\">\n\t\t\t\t\t\t\t\t\t<div class=\"elementor-button-wrapper\">\n\t\t\t\t\t<a class=\"elementor-button elementor-button-link elementor-size-sm\" href=\"https:\/\/api.whatsapp.com\/send?phone=+528115443770&#038;text=Quiero%20amigurumis%20de%20kpop\">\n\t\t\t\t\t\t<span class=\"elementor-button-content-wrapper\">\n\t\t\t\t\t\t\t\t\t<span class=\"elementor-button-text\">Pedir por WhatsApp<\/span>\n\t\t\t\t\t<\/span>\n\t\t\t\t\t<\/a>\n\t\t\t\t<\/div>\n\t\t\t\t\t\t\t\t<\/div>\n\t\t\t\t<\/div>\n\t\t\t\t\t<\/div>\n\t\t\t\t<\/div>\n\t\t<div class=\"elementor-element elementor-element-52bc8c0 e-flex e-con-boxed e-con e-parent\" data-id=\"52bc8c0\" data-element_type=\"container\" data-e-type=\"container\" data-settings=\"{&quot;background_background&quot;:&quot;classic&quot;}\">\n\t\t\t\t\t<div class=\"e-con-inner\">\n\t\t\t\t<div class=\"elementor-element elementor-element-8bca88d elementor-widget elementor-widget-text-editor\" data-id=\"8bca88d\" data-element_type=\"widget\" data-e-type=\"widget\" data-widget_type=\"text-editor.default\">\n\t\t\t\t<div class=\"elementor-widget-container\">\n\t\t\t\t\t\t\t\t\t<p class=\"p1\"><strong>Amigurumis by Yeudith<\/strong><\/p><p class=\"p1\">Hechos a mano \u00b7 Edici\u00f3n especial Navidad<\/p><p class=\"p1\"><span style=\"color: #008000;\"><a style=\"color: #008000;\" href=\"https:\/\/api.whatsapp.com\/send?phone=+528115443770&amp;text=Quiero%20amigurumis%20de%20kpop\" target=\"_blank\" rel=\"noopener\">\ud83d\udcf2 WhatsApp: +52 811 544 3770<\/a><\/span><\/p><p class=\"p1\">\ud83c\udf10 yeudith.com\/yu<\/p>\t\t\t\t\t\t\t\t<\/div>\n\t\t\t\t<\/div>\n\t\t\t\t\t<\/div>\n\t\t\t\t<\/div>\n\t\t\t\t<\/div>\n\t\t","protected":false},"excerpt":{"rendered":"<p>Amigurumis By YU Edici\u00f3n especial K-Pop Esferas de Navidad Pedir por WhatsApp Rumi, Mira y Zoey \u2013 Huntrix de K-Pop Demon Hunters Hechas a mano, pensadas para emocionar Puffy \/ Suavecitas\u00a0 Descripci\u00f3n breve Suaves, apapachables y perfectas para ni\u00f1os. Textura tipo peluche, ligeras y encantadoras. Ideales para el \u00e1rbol Despu\u00e9s funcionan como llaveros o mini [&hellip;]<\/p>\n","protected":false},"author":1,"featured_media":0,"parent":0,"menu_order":0,"comment_status":"closed","ping_status":"closed","template":"","meta":{"_surecart_dashboard_logo_width":"180px","_surecart_dashboard_show_logo":true,"_surecart_dashboard_navigation_orders":true,"_surecart_dashboard_navigation_invoices":true,"_surecart_dashboard_navigation_subscriptions":true,"_surecart_dashboard_navigation_downloads":true,"_surecart_dashboard_navigation_billing":true,"_surecart_dashboard_navigation_account":true,"site-sidebar-layout":"no-sidebar","site-content-layout":"page-builder","ast-site-content-layout":"full-width-container","site-content-style":"default","site-sidebar-style":"default","ast-global-header-display":"","ast-banner-title-visibility":"","ast-main-header-display":"","ast-hfb-above-header-display":"","ast-hfb-below-header-display":"","ast-hfb-mobile-header-display":"","site-post-title":"","ast-breadcrumbs-content":"","ast-featured-img":"disabled","footer-sml-layout":"","ast-disable-related-posts":"","theme-transparent-header-meta":"","adv-header-id-meta":"","stick-header-meta":"","header-above-stick-meta":"","header-main-stick-meta":"","header-below-stick-meta":"","astra-migrate-meta-layouts":"set","ast-page-background-enabled":"default","ast-page-background-meta":{"desktop":{"background-color":"","background-image":"","background-repeat":"repeat","background-position":"center center","background-size":"auto","background-attachment":"scroll","background-type":"","background-media":"","overlay-type":"","overlay-color":"","overlay-opacity":"","overlay-gradient":""},"tablet":{"background-color":"","background-image":"","background-repeat":"repeat","background-position":"center center","background-size":"auto","background-attachment":"scroll","background-type":"","background-media":"","overlay-type":"","overlay-color":"","overlay-opacity":"","overlay-gradient":""},"mobile":{"background-color":"","background-image":"","background-repeat":"repeat","background-position":"center center","background-size":"auto","background-attachment":"scroll","background-type":"","background-media":"","overlay-type":"","overlay-color":"","overlay-opacity":"","overlay-gradient":""}},"ast-content-background-meta":{"desktop":{"background-color":"var(--ast-global-color-5)","background-image":"","background-repeat":"repeat","background-position":"center center","background-size":"auto","background-attachment":"scroll","background-type":"","background-media":"","overlay-type":"","overlay-color":"","overlay-opacity":"","overlay-gradient":""},"tablet":{"background-color":"var(--ast-global-color-5)","background-image":"","background-repeat":"repeat","background-position":"center center","background-size":"auto","background-attachment":"scroll","background-type":"","background-media":"","overlay-type":"","overlay-color":"","overlay-opacity":"","overlay-gradient":""},"mobile":{"background-color":"var(--ast-global-color-5)","background-image":"","background-repeat":"repeat","background-position":"center center","background-size":"auto","background-attachment":"scroll","background-type":"","background-media":"","overlay-type":"","overlay-color":"","overlay-opacity":"","overlay-gradient":""}},"footnotes":""},"class_list":["post-1183","page","type-page","status-publish","hentry"],"_links":{"self":[{"href":"https:\/\/www.yeudith.com\/ia\/wp-json\/wp\/v2\/pages\/1183","targetHints":{"allow":["GET"]}}],"collection":[{"href":"https:\/\/www.yeudith.com\/ia\/wp-json\/wp\/v2\/pages"}],"about":[{"href":"https:\/\/www.yeudith.com\/ia\/wp-json\/wp\/v2\/types\/page"}],"author":[{"embeddable":true,"href":"https:\/\/www.yeudith.com\/ia\/wp-json\/wp\/v2\/users\/1"}],"replies":[{"embeddable":true,"href":"https:\/\/www.yeudith.com\/ia\/wp-json\/wp\/v2\/comments?post=1183"}],"version-history":[{"count":4,"href":"https:\/\/www.yeudith.com\/ia\/wp-json\/wp\/v2\/pages\/1183\/revisions"}],"predecessor-version":[{"id":1190,"href":"https:\/\/www.yeudith.com\/ia\/wp-json\/wp\/v2\/pages\/1183\/revisions\/1190"}],"wp:attachment":[{"href":"https:\/\/www.yeudith.com\/ia\/wp-json\/wp\/v2\/media?parent=1183"}],"curies":[{"name":"wp","href":"https:\/\/api.w.org\/{rel}","templated":true}]}}